{"id":8,"date":"2014-11-28T17:15:59","date_gmt":"2014-11-28T17:15:59","guid":{"rendered":"http:\/\/www.prodevision.com\/blog\/?page_id=8"},"modified":"2015-10-01T20:00:37","modified_gmt":"2015-10-01T18:00:37","slug":"contacto","status":"publish","type":"page","link":"https:\/\/prodevision.com\/blog\/contacto\/","title":{"rendered":"Contacto"},"content":{"rendered":"<div class=\"wpb_row wf-container\" style=\"margin-top: 0px;margin-bottom: 0px\" >\n\t<div class=\"vc_col-sm-4 wpb_column column_container \">\n\t\t<div class=\"wpb_wrapper\">\n\t\t\t\n\t<div class=\"wpb_text_column wpb_content_element \">\n\t\t<div class=\"wpb_wrapper\">\n\t\t\t\n<h2>\u00bfPodemos ayudarte?<\/h2>\n<p>&nbsp;<\/p>\n<h5>Tel\u00e9fono de atenci\u00f3n al cliente: 968 908 108<\/h5>\n<h5>Email: info@prodevision.com<\/h5>\n\n\t\t<\/div> \n\t<\/div> \n\t\t<\/div> \n\t<\/div> \n\n\t<div class=\"vc_col-sm-8 wpb_column column_container \">\n\t\t<div class=\"wpb_wrapper\">\n\t\t\t\n\t<div class=\"wpb_text_column wpb_content_element \">\n\t\t<div class=\"wpb_wrapper\">\n\t\t\t\n<h2>Contacta con nosotros<\/h2>\n<div class='gf_browser_gecko gform_wrapper' id='gform_wrapper_1' ><form method='post' enctype='multipart\/form-data'  id='gform_1'  action='\/blog\/wp-json\/wp\/v2\/pages\/8'>\n                        <div class='gform_body'><ul id='gform_fields_1' class='gform_fields top_label form_sublabel_below description_below'><li id='field_1_1'  class='gfield gfield_contains_required field_sublabel_below field_description_below gfield_visibility_visible' ><label class='gfield_label gfield_label_before_complex'  >Nombre<span class='gfield_required'>*<\/span><\/label><div class='ginput_complex ginput_container no_prefix has_first_name no_middle_name has_last_name no_suffix gf_name_has_2 ginput_container_name' id='input_1_1'>\n                            <span id='input_1_1_3_container' class='name_first' >\n                                                    <input type='text' name='input_1.3' id='input_1_1_3' value='' aria-label='Nombre'   aria-required=\"true\" aria-invalid=\"false\" \/>\n                                                    <label for='input_1_1_3' >Nombre<\/label>\n                                               <\/span>\n                            <span id='input_1_1_6_container' class='name_last' >\n                                                    <input type='text' name='input_1.6' id='input_1_1_6' value='' aria-label='Apellidos'   aria-required=\"true\" aria-invalid=\"false\" \/>\n                                                    <label for='input_1_1_6' >Apellidos<\/label>\n                                                <\/span>\n                            <div class='gf_clear gf_clear_complex'><\/div>\n                        <\/div><\/li><li id='field_1_2'  class='gfield gfield_contains_required field_sublabel_below field_description_below gfield_visibility_visible' ><label class='gfield_label' for='input_1_2' >Email<span class='gfield_required'>*<\/span><\/label><div class='ginput_container ginput_container_email'>\n                            <input name='input_2' id='input_1_2' type='text' value='' class='medium'    aria-required=\"true\" aria-invalid=\"false\" \/>\n                        <\/div><\/li><li id='field_1_3'  class='gfield gfield_contains_required field_sublabel_below field_description_below gfield_visibility_visible' ><label class='gfield_label' for='input_1_3' >Tel\u00e9fono<span class='gfield_required'>*<\/span><\/label><div class='ginput_container ginput_container_phone'><input name='input_3' id='input_1_3' type='text' value='' class='medium'   aria-required=\"true\" aria-invalid=\"false\"  \/><\/div><\/li><li id='field_1_4'  class='gfield field_sublabel_below field_description_below gfield_visibility_visible' ><label class='gfield_label' for='input_1_4' >Consulta<\/label><div class='ginput_container ginput_container_textarea'><textarea name='input_4' id='input_1_4' class='textarea medium'      aria-invalid=\"false\"   rows='10' cols='50'><\/textarea><\/div><\/li>\n                            <\/ul><\/div>\n        <div class='gform_footer top_label'> <input type='submit' id='gform_submit_button_1' class='gform_button button' value='Enviar'  onclick='if(window[\"gf_submitting_1\"]){return false;}  window[\"gf_submitting_1\"]=true;  ' onkeypress='if( event.keyCode == 13 ){ if(window[\"gf_submitting_1\"]){return false;} window[\"gf_submitting_1\"]=true;  jQuery(\"#gform_1\").trigger(\"submit\",[true]); }' \/> \n            <input type='hidden' class='gform_hidden' name='is_submit_1' value='1' \/>\n            <input type='hidden' class='gform_hidden' name='gform_submit' value='1' \/>\n            \n            <input type='hidden' class='gform_hidden' name='gform_unique_id' value='' \/>\n            <input type='hidden' class='gform_hidden' name='state_1' value='WyJbXSIsIjJlZGMxMjlmNWYzNmQwNGM0NTRmMmNkMzRlZjQxYTZhIl0=' \/>\n            <input type='hidden' class='gform_hidden' name='gform_target_page_number_1' id='gform_target_page_number_1' value='0' \/>\n            <input type='hidden' class='gform_hidden' name='gform_source_page_number_1' id='gform_source_page_number_1' value='1' \/>\n            <input type='hidden' name='gform_field_values' value='' \/>\n            \n        <\/div>\n                        <\/form>\n                        <\/div><script type='text\/javascript'> jQuery(document).bind('gform_post_render', function(event, formId, currentPage){if(formId == 1) {} } );jQuery(document).bind('gform_post_conditional_logic', function(event, formId, fields, isInit){} );<\/script><script type='text\/javascript'> jQuery(document).ready(function(){jQuery(document).trigger('gform_post_render', [1, 1]) } ); <\/script>\n\t\t<\/div> \n\t<\/div> \n\t\t<\/div> \n\t<\/div> \n<\/div>\n","protected":false},"excerpt":{"rendered":"<p>\u00bfPodemos ayudarte? &nbsp; Tel\u00e9fono de atenci\u00f3n al cliente: 968 908 108 Email: info@prodevision.com Contacta con nosotros Nombre* Nombre Apellidos Email* Tel\u00e9fono*Consulta jQuery(document).bind(&#8216;gform_post_render&#8217;, function(event, formId, currentPage){if(formId == 1) {} } );jQuery(document).bind(&#8216;gform_post_conditional_logic&#8217;, function(event, formId, fields, isInit){} ); jQuery(document).ready(function(){jQuery(document).trigger(&#8216;gform_post_render&#8217;, [1, 1]) } );<\/p>\n","protected":false},"author":1,"featured_media":0,"parent":0,"menu_order":0,"comment_status":"closed","ping_status":"closed","template":"","meta":[],"yoast_head":"<!-- This site is optimized with the Yoast SEO plugin v20.4 - https:\/\/yoast.com\/wordpress\/plugins\/seo\/ -->\n<title>Contacto - Prodevisi\u00f3n<\/title>\n<meta name=\"robots\" content=\"index, follow, max-snippet:-1, max-image-preview:large, max-video-preview:-1\" \/>\n<link rel=\"canonical\" href=\"https:\/\/prodevision.com\/blog\/contacto\/\" \/>\n<script type=\"application\/ld+json\" class=\"yoast-schema-graph\">{\"@context\":\"https:\/\/schema.org\",\"@graph\":[{\"@type\":\"WebPage\",\"@id\":\"https:\/\/prodevision.com\/blog\/contacto\/\",\"url\":\"https:\/\/prodevision.com\/blog\/contacto\/\",\"name\":\"Contacto - Prodevisi\u00f3n\",\"isPartOf\":{\"@id\":\"https:\/\/prodevision.com\/blog\/#website\"},\"datePublished\":\"2014-11-28T17:15:59+00:00\",\"dateModified\":\"2015-10-01T18:00:37+00:00\",\"breadcrumb\":{\"@id\":\"https:\/\/prodevision.com\/blog\/contacto\/#breadcrumb\"},\"inLanguage\":\"es\",\"potentialAction\":[{\"@type\":\"ReadAction\",\"target\":[\"https:\/\/prodevision.com\/blog\/contacto\/\"]}]},{\"@type\":\"BreadcrumbList\",\"@id\":\"https:\/\/prodevision.com\/blog\/contacto\/#breadcrumb\",\"itemListElement\":[{\"@type\":\"ListItem\",\"position\":1,\"name\":\"Portada\",\"item\":\"https:\/\/prodevision.com\/blog\/\"},{\"@type\":\"ListItem\",\"position\":2,\"name\":\"Contacto\"}]},{\"@type\":\"WebSite\",\"@id\":\"https:\/\/prodevision.com\/blog\/#website\",\"url\":\"https:\/\/prodevision.com\/blog\/\",\"name\":\"Prodevisi\u00f3n\",\"description\":\"Gafas de sol baratas, gafas graduadas y lentillas.\",\"potentialAction\":[{\"@type\":\"SearchAction\",\"target\":{\"@type\":\"EntryPoint\",\"urlTemplate\":\"https:\/\/prodevision.com\/blog\/?s={search_term_string}\"},\"query-input\":\"required name=search_term_string\"}],\"inLanguage\":\"es\"}]}<\/script>\n<!-- \/ Yoast SEO plugin. -->","yoast_head_json":{"title":"Contacto - Prodevisi\u00f3n","robots":{"index":"index","follow":"follow","max-snippet":"max-snippet:-1","max-image-preview":"max-image-preview:large","max-video-preview":"max-video-preview:-1"},"canonical":"https:\/\/prodevision.com\/blog\/contacto\/","schema":{"@context":"https:\/\/schema.org","@graph":[{"@type":"WebPage","@id":"https:\/\/prodevision.com\/blog\/contacto\/","url":"https:\/\/prodevision.com\/blog\/contacto\/","name":"Contacto - Prodevisi\u00f3n","isPartOf":{"@id":"https:\/\/prodevision.com\/blog\/#website"},"datePublished":"2014-11-28T17:15:59+00:00","dateModified":"2015-10-01T18:00:37+00:00","breadcrumb":{"@id":"https:\/\/prodevision.com\/blog\/contacto\/#breadcrumb"},"inLanguage":"es","potentialAction":[{"@type":"ReadAction","target":["https:\/\/prodevision.com\/blog\/contacto\/"]}]},{"@type":"BreadcrumbList","@id":"https:\/\/prodevision.com\/blog\/contacto\/#breadcrumb","itemListElement":[{"@type":"ListItem","position":1,"name":"Portada","item":"https:\/\/prodevision.com\/blog\/"},{"@type":"ListItem","position":2,"name":"Contacto"}]},{"@type":"WebSite","@id":"https:\/\/prodevision.com\/blog\/#website","url":"https:\/\/prodevision.com\/blog\/","name":"Prodevisi\u00f3n","description":"Gafas de sol baratas, gafas graduadas y lentillas.","potentialAction":[{"@type":"SearchAction","target":{"@type":"EntryPoint","urlTemplate":"https:\/\/prodevision.com\/blog\/?s={search_term_string}"},"query-input":"required name=search_term_string"}],"inLanguage":"es"}]}},"_links":{"self":[{"href":"https:\/\/prodevision.com\/blog\/wp-json\/wp\/v2\/pages\/8"}],"collection":[{"href":"https:\/\/prodevision.com\/blog\/wp-json\/wp\/v2\/pages"}],"about":[{"href":"https:\/\/prodevision.com\/blog\/wp-json\/wp\/v2\/types\/page"}],"author":[{"embeddable":true,"href":"https:\/\/prodevision.com\/blog\/wp-json\/wp\/v2\/users\/1"}],"replies":[{"embeddable":true,"href":"https:\/\/prodevision.com\/blog\/wp-json\/wp\/v2\/comments?post=8"}],"version-history":[{"count":9,"href":"https:\/\/prodevision.com\/blog\/wp-json\/wp\/v2\/pages\/8\/revisions"}],"predecessor-version":[{"id":877,"href":"https:\/\/prodevision.com\/blog\/wp-json\/wp\/v2\/pages\/8\/revisions\/877"}],"wp:attachment":[{"href":"https:\/\/prodevision.com\/blog\/wp-json\/wp\/v2\/media?parent=8"}],"curies":[{"name":"wp","href":"https:\/\/api.w.org\/{rel}","templated":true}]}}